{"id":1579,"date":"2013-01-16T16:21:56","date_gmt":"2013-01-16T15:21:56","guid":{"rendered":"http:\/\/citrothello.net\/blog\/?page_id=1579"},"modified":"2017-10-02T22:18:43","modified_gmt":"2017-10-02T21:18:43","slug":"commencez-par-ici","status":"publish","type":"page","link":"https:\/\/citrothello.net\/blog\/commencez-par-ici\/","title":{"rendered":"Bienvenue"},"content":{"rendered":"<p><span style=\"color: #000000;\">Bienvenue sur mon <strong>site quasi-exclusivement r\u00e9serv\u00e9<\/strong> \u00e0 ma marque automobile favorite <strong>CITRO\u00cbN<\/strong>.\u00a0<\/span><span style=\"color: #000000;\"><span style=\"color: #000000;\">Je ne suis qu&rsquo;un <\/span><strong style=\"color: #000000;\">simple amateur<\/strong><span style=\"color: #000000;\">, DJ de profession, et r\u00e9sidant pr\u00e8s de Lausanne en Suisse. Etant\u00a0<\/span><strong><span style=\"color: #000000;\">passionn\u00e9 des DS, SM et autres Citro\u00ebn, <\/span><\/strong><span style=\"color: #000000;\">je me suis permis de r\u00e9aliser un site en y incluant une mine d&rsquo;informations techniques, de restaurations\u00a0tr\u00e8s pouss\u00e9es et tr\u00e8s\u00a0<\/span><span style=\"color: #000000;\">d\u00e9taill\u00e9es, de rencontres entres Citro\u00ebnistes. Une\u00a0 Datsun 260C de ma collection vient \u00ab\u00a0perturber\u00a0\u00bb ce site rempli de Citro\u00ebn.<\/span><\/span><\/p>\n<p><span style=\"color: #000000;\">Dans ce site, je vous pr\u00e9sente un bon <strong>nombre de Citro\u00ebn de collection<\/strong>, des <strong>collectionneurs passionn\u00e9s<\/strong>, des <strong>restaurations<\/strong> que j\u2019effectue r\u00e9guli\u00e8rement sur des Citro\u00ebn.\u00a0<\/span><span style=\"color: #000000;\">Mais \u00e9galement des <strong>rencontres<\/strong>, des <strong>salons<\/strong> et des <strong>expositions<\/strong> de Citro\u00ebn de collection. Et beaucoup de \u00ab\u00a0tutos\u00a0\u00bb pour refaire des pi\u00e8ces Citro\u00ebn.<br \/>\n<\/span><\/p>\n<p>Plus de 112000 photos ornent ce site. Je vous souhaite un bon surf dans ma plan\u00e8te CITRO\u00cbN.<\/p>\n<p><strong><em>En prime, une webradio uniquement disponible sur mon site est \u00e0 votre disposition pour \u00e9couter de la musique 24h\/24h.<\/em><\/strong><\/p>\n<p><span style=\"color: #000000;\"><em style=\"color: #000000;\">La vie d&rsquo;un passionn\u00e9 des\u00a0<\/em><em><span style=\"color: #000000;\">CITRO\u00cbN.<\/span><\/em><\/span><\/p>\n<p><img loading=\"lazy\" class=\"aligncenter size-full wp-image-7226\" src=\"http:\/\/www.citrothello.net\/blog\/wp-content\/uploads\/2013\/01\/MES-AUTOS-SEPT-2016-014fff.jpg\" alt=\"\" width=\"971\" height=\"449\" srcset=\"https:\/\/citrothello.net\/blog\/wp-content\/uploads\/2013\/01\/MES-AUTOS-SEPT-2016-014fff.jpg 971w, https:\/\/citrothello.net\/blog\/wp-content\/uploads\/2013\/01\/MES-AUTOS-SEPT-2016-014fff-300x139.jpg 300w, https:\/\/citrothello.net\/blog\/wp-content\/uploads\/2013\/01\/MES-AUTOS-SEPT-2016-014fff-768x355.jpg 768w, https:\/\/citrothello.net\/blog\/wp-content\/uploads\/2013\/01\/MES-AUTOS-SEPT-2016-014fff-480x222.jpg 480w\" sizes=\"(max-width: 971px) 100vw, 971px\" \/><\/p>\n","protected":false},"excerpt":{"rendered":"<p>Bienvenue sur mon site quasi-exclusivement r\u00e9serv\u00e9 \u00e0 ma marque automobile favorite CITRO\u00cbN.\u00a0Je ne suis qu&rsquo;un simple amateur, DJ de profession, et r\u00e9sidant pr\u00e8s de Lausanne en Suisse. Etant\u00a0passionn\u00e9 des DS, SM et autres Citro\u00ebn, je me suis permis de r\u00e9aliser &hellip; <a href=\"https:\/\/citrothello.net\/blog\/commencez-par-ici\/\">Continue reading <span class=\"meta-nav\">&rarr;<\/span><\/a><\/p>\n","protected":false},"author":1,"featured_media":0,"parent":0,"menu_order":0,"comment_status":"closed","ping_status":"closed","template":"nosidebar-page.php","meta":[],"_links":{"self":[{"href":"https:\/\/citrothello.net\/blog\/wp-json\/wp\/v2\/pages\/1579"}],"collection":[{"href":"https:\/\/citrothello.net\/blog\/wp-json\/wp\/v2\/pages"}],"about":[{"href":"https:\/\/citrothello.net\/blog\/wp-json\/wp\/v2\/types\/page"}],"author":[{"embeddable":true,"href":"https:\/\/citrothello.net\/blog\/wp-json\/wp\/v2\/users\/1"}],"replies":[{"embeddable":true,"href":"https:\/\/citrothello.net\/blog\/wp-json\/wp\/v2\/comments?post=1579"}],"version-history":[{"count":60,"href":"https:\/\/citrothello.net\/blog\/wp-json\/wp\/v2\/pages\/1579\/revisions"}],"predecessor-version":[{"id":7228,"href":"https:\/\/citrothello.net\/blog\/wp-json\/wp\/v2\/pages\/1579\/revisions\/7228"}],"wp:attachment":[{"href":"https:\/\/citrothello.net\/blog\/wp-json\/wp\/v2\/media?parent=1579"}],"curies":[{"name":"wp","href":"https:\/\/api.w.org\/{rel}","templated":true}]}}