{"id":1662,"date":"2013-01-16T17:06:18","date_gmt":"2013-01-16T16:06:18","guid":{"rendered":"http:\/\/citrothello.net\/blog\/?page_id=1662"},"modified":"2022-11-10T21:07:19","modified_gmt":"2022-11-10T20:07:19","slug":"restaurations-diverses","status":"publish","type":"page","link":"https:\/\/citrothello.net\/blog\/restaurations-diverses\/","title":{"rendered":"Restaurations diverses"},"content":{"rendered":"\n<p><em><strong>LES CITRO\u00cbN AUTRES QUE DS OU SM QUE J&rsquo;AI RESTAUR\u00c9ES (COMPL\u00c8TES&nbsp;OU PARTIELLES), OU EN COURS DE RESTAURATION.<\/strong><\/em><\/p>\n\n\n<div id=\"attachment_11162\" style=\"width: 277px\" class=\"wp-caption alignleft\"><a href=\"https:\/\/citrothello.net\/blog\/mehari_othello_1976_04\/\" target=\"_blank\" rel=\"noopener noreferrer\"><img aria-describedby=\"caption-attachment-11162\" loading=\"lazy\" class=\"wp-image-11162\" src=\"https:\/\/citrothello.net\/blog\/wp-content\/uploads\/2021\/12\/MEHARI-ORANGE-OTHELLO-1976-0967-4.jpg\" alt=\"\" width=\"267\" height=\"200\" srcset=\"https:\/\/citrothello.net\/blog\/wp-content\/uploads\/2021\/12\/MEHARI-ORANGE-OTHELLO-1976-0967-4.jpg 971w, https:\/\/citrothello.net\/blog\/wp-content\/uploads\/2021\/12\/MEHARI-ORANGE-OTHELLO-1976-0967-4-300x225.jpg 300w, https:\/\/citrothello.net\/blog\/wp-content\/uploads\/2021\/12\/MEHARI-ORANGE-OTHELLO-1976-0967-4-768x576.jpg 768w, https:\/\/citrothello.net\/blog\/wp-content\/uploads\/2021\/12\/MEHARI-ORANGE-OTHELLO-1976-0967-4-480x360.jpg 480w\" sizes=\"(max-width: 267px) 100vw, 267px\" \/><\/a><p id=\"caption-attachment-11162\" class=\"wp-caption-text\">MEHARI 1976 ORANGE RESTAURATION MECANIQUE<\/p><\/div>\n<div id=\"attachment_10784\" style=\"width: 277px\" class=\"wp-caption alignleft\"><a style=\"display: inline !important;\" href=\"https:\/\/citrothello.net\/blog\/mehari_yan_1977_06\/\" target=\"_blank\" rel=\"noopener noreferrer\"><img aria-describedby=\"caption-attachment-10784\" loading=\"lazy\" class=\"wp-image-10784\" src=\"https:\/\/citrothello.net\/blog\/wp-content\/uploads\/2021\/06\/MEHARI-YAN-1545-scaled.jpg\" alt=\"\" width=\"267\" height=\"200\" srcset=\"https:\/\/citrothello.net\/blog\/wp-content\/uploads\/2021\/06\/MEHARI-YAN-1545-scaled.jpg 2560w, https:\/\/citrothello.net\/blog\/wp-content\/uploads\/2021\/06\/MEHARI-YAN-1545-300x225.jpg 300w, https:\/\/citrothello.net\/blog\/wp-content\/uploads\/2021\/06\/MEHARI-YAN-1545-1024x768.jpg 1024w, https:\/\/citrothello.net\/blog\/wp-content\/uploads\/2021\/06\/MEHARI-YAN-1545-768x576.jpg 768w, https:\/\/citrothello.net\/blog\/wp-content\/uploads\/2021\/06\/MEHARI-YAN-1545-1536x1152.jpg 1536w, https:\/\/citrothello.net\/blog\/wp-content\/uploads\/2021\/06\/MEHARI-YAN-1545-2048x1536.jpg 2048w, https:\/\/citrothello.net\/blog\/wp-content\/uploads\/2021\/06\/MEHARI-YAN-1545-480x360.jpg 480w\" sizes=\"(max-width: 267px) 100vw, 267px\" \/><\/a><p id=\"caption-attachment-10784\" class=\"wp-caption-text\">MEHARI 1977 BLEUE CALANQUE YAN<\/p><\/div>\n<div id=\"attachment_11876\" style=\"width: 277px\" class=\"wp-caption alignleft\"><a href=\"https:\/\/citrothello.net\/blog\/dyane-6-de-1968\/\" target=\"_blank\" rel=\"noopener\"><img aria-describedby=\"caption-attachment-11876\" loading=\"lazy\" class=\"wp-image-11876\" src=\"https:\/\/citrothello.net\/blog\/wp-content\/uploads\/2022\/11\/DYANE-1968-FIXMAX-0018D.jpg\" alt=\"\" width=\"267\" height=\"200\" srcset=\"https:\/\/citrothello.net\/blog\/wp-content\/uploads\/2022\/11\/DYANE-1968-FIXMAX-0018D.jpg 971w, https:\/\/citrothello.net\/blog\/wp-content\/uploads\/2022\/11\/DYANE-1968-FIXMAX-0018D-300x225.jpg 300w, https:\/\/citrothello.net\/blog\/wp-content\/uploads\/2022\/11\/DYANE-1968-FIXMAX-0018D-768x576.jpg 768w, https:\/\/citrothello.net\/blog\/wp-content\/uploads\/2022\/11\/DYANE-1968-FIXMAX-0018D-480x360.jpg 480w\" sizes=\"(max-width: 267px) 100vw, 267px\" \/><\/a><p id=\"caption-attachment-11876\" class=\"wp-caption-text\">DYANE 6 1968 DE FIXMAX RESTAU INTEGRALE<\/p><\/div>\n<div class=\"mceTemp\">\u00a0<\/div>\n<div id=\"attachment_8074\" style=\"width: 277px\" class=\"wp-caption alignleft\"><a style=\"display: inline !important;\" href=\"http:\/\/www.citrothello.net\/ds-19-1968-bvh-sable-metal-revision-mecanique-03-2-2-2-2-2-2-2-2\/\"><img aria-describedby=\"caption-attachment-8074\" loading=\"lazy\" class=\"wp-image-8074\" title=\"2CV 4 1978 BLEUE MYOSOTIS ARNAUD\" src=\"http:\/\/www.citrothello.net\/blog\/wp-content\/uploads\/2017\/12\/2CV-ARNAUD-0005-300x225.jpg\" alt=\"\" width=\"267\" height=\"200\" srcset=\"https:\/\/citrothello.net\/blog\/wp-content\/uploads\/2017\/12\/2CV-ARNAUD-0005-300x225.jpg 300w, https:\/\/citrothello.net\/blog\/wp-content\/uploads\/2017\/12\/2CV-ARNAUD-0005-768x576.jpg 768w, https:\/\/citrothello.net\/blog\/wp-content\/uploads\/2017\/12\/2CV-ARNAUD-0005-480x360.jpg 480w, https:\/\/citrothello.net\/blog\/wp-content\/uploads\/2017\/12\/2CV-ARNAUD-0005.jpg 853w\" sizes=\"(max-width: 267px) 100vw, 267px\" \/><\/a><p id=\"caption-attachment-8074\" class=\"wp-caption-text\">2CV 4 1978 BLEUE MYOSOTIS ARNAUD RESTAU TOTALE<\/p><\/div>\n<div class=\"mceTemp\">\u00a0<\/div>\n<div id=\"attachment_7380\" style=\"width: 277px\" class=\"wp-caption alignleft\"><a style=\"display: inline !important;\" href=\"http:\/\/www.citrothello.net\/7c-1935-malle-borgne-2\/\"><img aria-describedby=\"caption-attachment-7380\" loading=\"lazy\" class=\"wp-image-7380 size-full\" title=\"TRACTION 7C 1935 MALLE BORGNE\" src=\"https:\/\/citrothello.net\/blog\/wp-content\/uploads\/2013\/01\/7C-EN-PHOTOS-24-Copier.jpg\" alt=\"\" width=\"267\" height=\"200\" \/><\/a><p id=\"caption-attachment-7380\" class=\"wp-caption-text\">TRACTION 7C 1935 MALLE BORGNE<\/p><\/div>\n<p>\u00a0<\/p>\n<div id=\"attachment_7386\" style=\"width: 277px\" class=\"wp-caption alignleft\"><a href=\"http:\/\/www.citrothello.net\/mehari-1973-finitions\/\"><img aria-describedby=\"caption-attachment-7386\" loading=\"lazy\" class=\"wp-image-7386 size-full\" title=\"MEHARI 1978 \" src=\"https:\/\/citrothello.net\/blog\/wp-content\/uploads\/2013\/01\/MEHARI-ORANGE-JOSE-124-Copier.jpg\" alt=\"MEHARI 1978 \" width=\"267\" height=\"200\" \/><\/a><p id=\"caption-attachment-7386\" class=\"wp-caption-text\">MEHARI 1978<\/p><\/div>\n<div id=\"attachment_7381\" style=\"width: 277px\" class=\"wp-caption alignleft\"><img aria-describedby=\"caption-attachment-7381\" loading=\"lazy\" class=\"wp-image-7381 size-full\" title=\"GSA PALLAS 1983\" src=\"https:\/\/citrothello.net\/blog\/wp-content\/uploads\/2013\/01\/GSA-OK-06-BIG-Copier.jpg\" alt=\"\" width=\"267\" height=\"200\" \/><p id=\"caption-attachment-7381\" class=\"wp-caption-text\">GSA PALLAS 1983 RESTAURATION MECANIQUE<\/p><\/div>\n\n\n<p><\/p>\n","protected":false},"excerpt":{"rendered":"<p>LES CITRO\u00cbN AUTRES QUE DS OU SM QUE J&rsquo;AI RESTAUR\u00c9ES (COMPL\u00c8TES&nbsp;OU PARTIELLES), OU EN COURS DE RESTAURATION. \u00a0 \u00a0 \u00a0<\/p>\n","protected":false},"author":1,"featured_media":0,"parent":0,"menu_order":0,"comment_status":"closed","ping_status":"closed","template":"","meta":[],"_links":{"self":[{"href":"https:\/\/citrothello.net\/blog\/wp-json\/wp\/v2\/pages\/1662"}],"collection":[{"href":"https:\/\/citrothello.net\/blog\/wp-json\/wp\/v2\/pages"}],"about":[{"href":"https:\/\/citrothello.net\/blog\/wp-json\/wp\/v2\/types\/page"}],"author":[{"embeddable":true,"href":"https:\/\/citrothello.net\/blog\/wp-json\/wp\/v2\/users\/1"}],"replies":[{"embeddable":true,"href":"https:\/\/citrothello.net\/blog\/wp-json\/wp\/v2\/comments?post=1662"}],"version-history":[{"count":32,"href":"https:\/\/citrothello.net\/blog\/wp-json\/wp\/v2\/pages\/1662\/revisions"}],"predecessor-version":[{"id":11880,"href":"https:\/\/citrothello.net\/blog\/wp-json\/wp\/v2\/pages\/1662\/revisions\/11880"}],"wp:attachment":[{"href":"https:\/\/citrothello.net\/blog\/wp-json\/wp\/v2\/media?parent=1662"}],"curies":[{"name":"wp","href":"https:\/\/api.w.org\/{rel}","templated":true}]}}