{"id":85,"date":"2012-12-25T18:04:33","date_gmt":"2012-12-25T17:04:33","guid":{"rendered":"http:\/\/damianrocksdj.com\/citrothello\/?page_id=85"},"modified":"2018-07-22T22:23:52","modified_gmt":"2018-07-22T21:23:52","slug":"liens","status":"publish","type":"page","link":"https:\/\/citrothello.net\/blog\/liens\/","title":{"rendered":"Liens"},"content":{"rendered":"<p style=\"text-align: justify;\">Le gros avantage du Web, c&rsquo;est qu&rsquo;il est sans limites. \u00c9tant passionn\u00e9 par Citro\u00ebn, pour moi tous les sites sont bons \u00e0 visiter. Citro\u00ebn \u00e9tant tr\u00e8s pr\u00e9sent sur le Web, je vous est diss\u00e9qu\u00e9 les liens par type de voitures, par genre.<\/p>\n<p style=\"text-align: justify;\">Il vous suffit de cliquer sur la voiture en question. Bien s\u00fbr il est strictement impossible de recenser tous les sites sur Citro\u00ebn tant il y en a. De plus certains sites ne sont pas remis \u00e0 jour depuis des mois, voir des ann\u00e9es !<\/p>\n<h1>D\u00c9COUVREZ CES SITES TR\u00c8S INT\u00c9RESSANTS :<\/h1>\n<h2>Les DS<\/h2>\n<p><a href=\"http:\/\/www.dsidclubdefrance.net\" target=\"_blank\" rel=\"noopener\">DS-ID Club de France Sur Paris IDF<\/a><\/p>\n<p><a href=\"http:\/\/www.hd19.net\" target=\"_blank\" rel=\"noopener\">HD19. SIte de mon ami Flaminio, tr\u00e8s d\u00e9taill\u00e9 sur le plan technique et restauration de la DS.<\/a><\/p>\n<p><a href=\"http:\/\/www.nuancierds.fr\/\" target=\"_blank\" rel=\"noopener\">NUANCIER DS Un site tr\u00e8s d\u00e9taill\u00e9 sur la DS, nuancier, tous les aspects visuels de la DS UN MUST.<\/a><\/p>\n<p><a href=\"http:\/\/www.citrowagon.fr\" target=\"_blank\" rel=\"noopener\">CITROWAGON. Excellent site sur les DS, versions Break essentiellement.<\/a><\/p>\n<p><a href=\"https:\/\/www.ikonoto.com\/\" target=\"_blank\" rel=\"noopener\">IKONOTO. Posters personnalis\u00e9s pour vos Citro\u00ebn.<\/a><\/p>\n<p><a href=\"http:\/\/citronord.org\" target=\"_blank\" rel=\"noopener\">CITRONORD, L&rsquo;histoire d&rsquo;une DS au Quebec.<\/a><\/p>\n<p><a href=\"http:\/\/www.salvadsie.fr\/histoire\/\" target=\"_blank\" rel=\"noopener\">SALVADSIE Un site tr\u00e8s bien document\u00e9 notamment sur les DS IE.<\/a><\/p>\n<p><a href=\"http:\/\/dsclub55.free.fr\" target=\"_blank\" rel=\"noopener\">http:\/\/dsclub55.free.fr<\/a><\/p>\n<p><a href=\"http:\/\/fanads.chez-alice.fr\" target=\"_blank\" rel=\"noopener\">http:\/\/fanads.chez-alice.fr<\/a><\/p>\n<p><a href=\"http:\/\/www.ideale-ds.com\" target=\"_blank\" rel=\"noopener\">http:\/\/www.ideale-ds.com<\/a><\/p>\n<p><a href=\"http:\/\/www.ds20.fr\/le-passe-en-couleur.html\" target=\"_blank\" rel=\"noopener\">http:\/\/www.ds20.fr\/le-passe-en-couleur.html<\/a><\/p>\n<p><a href=\"http:\/\/www.citrowallon.com\" target=\"_blank\" rel=\"noopener\">http:\/\/www.citrowallon.com<\/a><\/p>\n<p><a href=\"http:\/\/www.lesds.it\" target=\"_blank\" rel=\"noopener\">http:\/\/www.lesds.it<\/a><\/p>\n<p><a href=\"http:\/\/www.riasc.it\" target=\"_blank\" rel=\"noopener\">http:\/\/www.riasc.it<\/a><\/p>\n<p><a href=\"http:\/\/www.lemiecitroends.it\" target=\"_blank\" rel=\"noopener\">http:\/\/www.lemiecitroends.it<\/a><\/p>\n<p><a href=\"http:\/\/www.retromobile.com\" target=\"_blank\" rel=\"noopener\">http:\/\/www.retromobile.com<\/a><\/p>\n<p><a href=\"http:\/\/www.citroendsclub.ch\" target=\"_blank\" rel=\"noopener\">http:\/\/www.citroendsclub.ch<\/a><\/p>\n<p>&nbsp;<\/p>\n<h2>Les SM<\/h2>\n<p><a href=\"http:\/\/www.smclubdefrance.org\" target=\"_blank\" rel=\"noopener\">http:\/\/www.smclubdefrance.org<\/a><\/p>\n<p><a href=\"http:\/\/www.citrosars.nl\/fr\/\" target=\"_blank\" rel=\"noopener\">http:\/\/www.citrosars.nl\/fr\/<\/a><\/p>\n<p><a href=\"http:\/\/www.apcom.fr\/eurosmclub\/\" target=\"_blank\" rel=\"noopener\">http:\/\/www.apcom.fr\/eurosmclub<\/a><\/p>\n<p><a href=\"http:\/\/stephane.patchou.com\" target=\"_blank\" rel=\"noopener\">http:\/\/stephane.patchou.com<\/a><\/p>\n<p><a href=\"http:\/\/www.sm2a-automobiles.com\" target=\"_blank\" rel=\"noopener\">http:\/\/www.sm2a-automobiles.com<\/a><\/p>\n<p><a href=\"http:\/\/unefilleensm.skyrock.com\" target=\"_blank\" rel=\"noopener\">http:\/\/unefilleensm.skyrock.com<\/a><\/p>\n<p><a href=\"http:\/\/www.citroen-sm-club.ch\" target=\"_blank\" rel=\"noopener\">http:\/\/www.citroen-sm-club.ch<\/a><\/p>\n<p><a href=\"http:\/\/www.oct.zaq.ne.jp\/citroen-sm\/smclubdujapon.htm\" target=\"_blank\" rel=\"noopener\">http:\/\/www.oct.zaq.ne.jp\/citroen-sm\/smclubdujapon.htm<\/a><\/p>\n<p><a href=\"http:\/\/www.daveburnhamcitroen.com\/links.html\" target=\"_blank\" rel=\"noopener\">http:\/\/www.daveburnhamcitroen.com\/links.html<\/a><\/p>\n<h2>Les avants-guerres<\/h2>\n<p><a href=\"http:\/\/www.ctaservice.nl\" target=\"_blank\" rel=\"noopener\">http:\/\/www.ctaservice.nl<\/a><\/p>\n<p><a href=\"http:\/\/www.t3.fr\/modules.php?name=T3_News&amp;topicid=33&amp;catid=408&amp;section=21\" target=\"_blank\" rel=\"noopener\">http:\/\/www.t3.fr\/modules.php?name=T3_News&amp;topicid=33&amp;catid=408&amp;section=21<\/a><\/p>\n<p><a href=\"http:\/\/www.tractionavant7a.net\/Index.htm\" target=\"_blank\" rel=\"noopener\">http:\/\/www.tractionavant7a.net\/Index.htm<\/a><\/p>\n<p><a href=\"http:\/\/tractionavant7b.free.fr\" target=\"_blank\" rel=\"noopener\">http:\/\/tractionavant7b.free.fr<\/a><\/p>\n<p><a href=\"http:\/\/tractionavant7c.free.fr\" target=\"_blank\" rel=\"noopener\">http:\/\/tractionavant7c.free.fr<\/a><\/p>\n<p><a href=\"http:\/\/atmp.free.fr\" target=\"_blank\" rel=\"noopener\">http:\/\/atmp.free.fr<\/a><\/p>\n<p><a href=\"http:\/\/www.tractionavant.ch\" target=\"_blank\" rel=\"noopener\">http:\/\/www.tractionavant.ch<\/a><\/p>\n<p><a href=\"http:\/\/www.globe-driver.fr\/index.php\" target=\"_blank\" rel=\"noopener\">http:\/\/www.globe-driver.fr\/index.php<\/a><\/p>\n<h2>Bi-Cylindres<\/h2>\n<p><a href=\"https:\/\/www.ami-2cv.com\/\" target=\"_blank\" rel=\"noopener\">Ami de la 2cv. Tr\u00e8s grande disponibilit\u00e9 des pi\u00e8ces et envoie tr\u00e8s rapide.<\/a><\/p>\n<p><a href=\"http:\/\/www.mehariclub.com\" target=\"_blank\" rel=\"noopener\">http:\/\/www.mehariclub.com<\/a><\/p>\n<p><a href=\"http:\/\/www.mehari-loisirs.com\" target=\"_blank\" rel=\"noopener\">http:\/\/www.mehari-loisirs.com<\/a><\/p>\n<p><a href=\"http:\/\/www.2cvclublussery.ch\" target=\"_blank\" rel=\"noopener\">http:\/\/www.2cvclublussery.ch<\/a><\/p>\n<p><a href=\"http:\/\/www.2cvp.com\" target=\"_blank\" rel=\"noopener\">http:\/\/www.2cvp.com<\/a><\/p>\n<p><a href=\"http:\/\/www.2cvp.com\" target=\"_blank\" rel=\"noopener\">http:\/\/www.mcda.com<\/a><\/p>\n<p><a href=\"http:\/\/clubamis2cv.org\" target=\"_blank\" rel=\"noopener\">http:\/\/clubamis2cv.org<\/a><\/p>\n<p><a href=\"http:\/\/2cvhobby.free.fr\" target=\"_blank\" rel=\"noopener\">http:\/\/2cvhobby.free.fr<\/a><\/p>\n<p><a href=\"http:\/\/www.mehariclubdefrance.com\" target=\"_blank\" rel=\"noopener\">http:\/\/www.mehariclubdefrance.com<\/a><\/p>\n<p><a href=\"http:\/\/www.citroshop.com\" target=\"_blank\" rel=\"noopener\">http:\/\/www.citroshop.com<\/a><\/p>\n<p><a href=\"http:\/\/www.sos2cv.com\" target=\"_blank\" rel=\"noopener\">http:\/\/www.sos2cv.com<\/a><\/p>\n<p><a href=\"http:\/\/ww2.ecas2cvparts.co.uk\" target=\"_blank\" rel=\"noopener\">http:\/\/ww2.ecas2cvparts.co.uk<\/a><\/p>\n<p><a href=\"http:\/\/www.tpv-2cv.fr\" target=\"_blank\" rel=\"noopener\">http:\/\/www.tpv-2cv.fr<\/a><\/p>\n<p><a href=\"http:\/\/www.2cvclubitalia.com\/wp\/fr\/\" target=\"_blank\" rel=\"noopener\">http:\/\/www.2cvclubitalia.com\/wp\/fr\/<\/a><\/p>\n<p><a href=\"http:\/\/home.nordnet.fr\/~gguillon\/\" target=\"_blank\" rel=\"noopener\">http:\/\/home.nordnet.fr\/~gguillon\/<\/a><\/p>\n<p><a href=\"http:\/\/www.ak400.guilde.org\" target=\"_blank\" rel=\"noopener\">http:\/\/www.ak400.guilde.org<\/a><\/p>\n<p><a href=\"http:\/\/ambroise.chez.com\/Ami6.htm\" target=\"_blank\" rel=\"noopener\">http:\/\/ambroise.chez.com\/Ami6.htm<\/a><\/p>\n<h2>Les r\u00e9centes<\/h2>\n<p><a href=\"http:\/\/www.la-traction-terrestre.fr\" target=\"_blank\" rel=\"noopener\">http:\/\/www.la-traction-terrestre.fr<\/a><\/p>\n<p><a href=\"http:\/\/jpmerlet.free.fr\/page1.html\" target=\"_blank\" rel=\"noopener\">http:\/\/jpmerlet.free.fr\/page1.html<\/a><\/p>\n<p><a href=\"http:\/\/www.citroen-ac4.fr\" target=\"_blank\" rel=\"noopener\">http:\/\/www.citroen-ac4.fr<\/a><\/p>\n<p><a href=\"http:\/\/coach-cabriolet-rosalie.pagesperso-orange.fr\" target=\"_blank\" rel=\"noopener\">http:\/\/coach-cabriolet-rosalie.pagesperso-orange.fr<\/a><\/p>\n<p><a href=\"http:\/\/lesautosdandre.free.fr\" target=\"_blank\" rel=\"noopener\">http:\/\/lesautosdandre.free.fr<\/a><\/p>\n<p><a href=\"http:\/\/chevronsnet.pagesperso-orange.fr\" target=\"_blank\" rel=\"noopener\">http:\/\/chevronsnet.pagesperso-orange.fr<\/a><\/p>\n<p><a href=\"http:\/\/citroen5hp.pagesperso-orange.fr\" target=\"_blank\" rel=\"noopener\">http:\/\/citroen5hp.pagesperso-orange.fr<\/a><\/p>\n<p><a href=\"http:\/\/www.citroen-5hp.ch\" target=\"_blank\" rel=\"noopener\">http:\/\/www.citroen-5hp.ch<\/a><\/p>\n<p><a href=\"http:\/\/www.cxpassion.be\" target=\"_blank\" rel=\"noopener\">http:\/\/www.cxpassion.be<\/a><\/p>\n<p><a href=\"http:\/\/www.cxtreme.nl\" target=\"_blank\" rel=\"noopener\">http:\/\/www.cxtreme.nl<\/a><\/p>\n<p><a href=\"http:\/\/blower.free.fr\" target=\"_blank\" rel=\"noopener\">http:\/\/blower.free.fr<\/a><\/p>\n<p><a href=\"http:\/\/www.gs-gsa.org\" target=\"_blank\" rel=\"noopener\">http:\/\/www.gs-gsa.org<\/a><\/p>\n<p><a href=\"http:\/\/www.citroen-gsa.de\" target=\"_blank\" rel=\"noopener\">http:\/\/www.citroen-gsa.de<\/a><\/p>\n<p><a href=\"http:\/\/www.angelfire.com\/ma2\/matthias\/citroengs.html\" target=\"_blank\" rel=\"noopener\">http:\/\/www.angelfire.com\/ma2\/matthias\/citroengs.html<\/a><\/p>\n<p><a href=\"http:\/\/mattysk.tripod.com\" target=\"_blank\" rel=\"noopener\">http:\/\/mattysk.tripod.com<\/a><\/p>\n<p><a href=\"http:\/\/xmclubdefrance.editboard.com\" target=\"_blank\" rel=\"noopener\">http:\/\/xmclubdefrance.editboard.com<\/a><\/p>\n<p><a href=\"http:\/\/stylexm.jimdo.com\" target=\"_blank\" rel=\"noopener\">http:\/\/stylexm.jimdo.com<\/a><\/p>\n<p><a href=\"http:\/\/cbxc.free.fr\" target=\"_blank\" rel=\"noopener\">http:\/\/cbxc.free.fr<\/a><\/p>\n<p><a href=\"http:\/\/www.cibix.fr.st\" target=\"_blank\" rel=\"noopener\">http:\/\/www.cibix.fr.st<\/a><\/p>\n<h2>Les professionnels<\/h2>\n<p><a href=\"http:\/\/automobiles-anciennes.fr\/\" target=\"_blank\" rel=\"noopener\">ETS STOECKEL RESTAURATIONS AUTOMOBILES.<\/a><\/p>\n<p><a href=\"http:\/\/citrotech.nl\/shop\/home\" target=\"_blank\" rel=\"noopener\">http:\/\/citrotech.nl\/shop\/home<\/a><\/p>\n<p><a href=\"http:\/\/www.crescia-sa.ch\">http:\/\/www.crescia-sa.ch<\/a><\/p>\n<p><a href=\"http:\/\/www.wegmuller-sa.ch\/flash\/intro.html\" target=\"_blank\" rel=\"noopener\">http:\/\/www.wegmuller-sa.ch\/flash\/intro.html<\/a><\/p>\n<p><a href=\"http:\/\/www.cipere.fr\/fr\/Home\" target=\"_blank\" rel=\"noopener\">http:\/\/www.cipere.fr\/fr\/Home<\/a><\/p>\n<p><a href=\"http:\/\/www.sm2a-automobiles.com\" target=\"_blank\" rel=\"noopener\">http:\/\/www.sm2a-automobiles.com<\/a><\/p>\n<p><a href=\"http:\/\/piecesdetachees2cv.free.fr\" target=\"_blank\" rel=\"noopener\">http:\/\/piecesdetachees2cv.free.fr<\/a><\/p>\n<p><a href=\"http:\/\/www.citroenclassics.co.uk\/reception.php\" target=\"_blank\" rel=\"noopener\">http:\/\/www.citroenclassics.co.uk\/reception.php<\/a><\/p>\n<p><a title=\"maillard-ds.com\" href=\"http:\/\/www.maillard-ds.com\/liens\/\" target=\"_blank\" rel=\"noopener\">http:\/\/www.maillard-ds.com\/liens<\/a><\/p>\n<p><a href=\"http:\/\/www.carrosserie88.ch\/sion\/\" target=\"_blank\" rel=\"noopener\">http:\/\/www.carrosserie88.ch\/sion\/<\/a><\/p>\n<p><a href=\"http:\/\/www.cab-ds-ivanoff.com\/news\/news.php\" target=\"_blank\" rel=\"noopener\">http:\/\/www.cab-ds-ivanoff.com\/news\/news.php<\/a><\/p>\n<p><a href=\"http:\/\/www.hydrosphere91.fr\" target=\"_blank\" rel=\"noopener\">http:\/\/www.hydrosphere91.fr<\/a><\/p>\n<p><a href=\"http:\/\/www.citroends.net\" target=\"_blank\" rel=\"noopener\">http:\/\/www.citroends.net<\/a><\/p>\n<p><a href=\"http:\/\/ds-vitesse.com\/nl\/links.html\" target=\"_blank\" rel=\"noopener\">http:\/\/ds-vitesse.com\/nl\/links.html<\/a><\/p>\n<p><a href=\"http:\/\/www.blondeau-ds.fr\" target=\"_blank\" rel=\"noopener\">http:\/\/www.blondeau-ds.fr<\/a><\/p>\n<p><a href=\"http:\/\/www.kfz-teile-schneider.com\" target=\"_blank\" rel=\"noopener\">http:\/\/www.kfz-teile-schneider.com<\/a><\/p>\n<p><a href=\"http:\/\/www.blikwerk.nl\" target=\"_blank\" rel=\"noopener\">http:\/\/www.blikwerk.nl<\/a><\/p>\n<p><a href=\"http:\/\/www.oldtimergalerie.ch\" target=\"_blank\" rel=\"noopener\">http:\/\/www.oldtimergalerie.ch<\/a><\/p>\n<p><a href=\"http:\/\/www.citroen-ds.fr\" target=\"_blank\" rel=\"noopener\">http:\/\/www.citroen-ds.fr<\/a><\/p>\n<p><a href=\"http:\/\/www.ds-sassen.de\/ctrl.htm\" target=\"_blank\" rel=\"noopener\">http:\/\/www.ds-sassen.de\/ctrl.htm<\/a><\/p>\n<p><a href=\"http:\/\/www.citroenrestaurationen.ch\" target=\"_blank\" rel=\"noopener\">http:\/\/www.citroenrestaurationen.ch<\/a><\/p>\n<p><a href=\"http:\/\/www.citroenpieces.com\" target=\"_blank\" rel=\"noopener\">http:\/\/www.citroenpieces.com<\/a> <strong>SP\u00c9CIALISTE CITRO\u00cbN AUX USA SAN DIEGO.<\/strong><\/p>\n<h2><strong>Divers<\/strong><\/h2>\n<p><a href=\"http:\/\/citroenhy.free.fr\/liens-type-h.php\" target=\"_blank\" rel=\"noopener\">SUPERBE SITE SUR LE HY (ouvert en octobre2016)<\/a><\/p>\n<p><a href=\"http:\/\/www.planete-citroen.com\/forum\/ \" target=\"_blank\" rel=\"noopener\">http:\/\/www.planete-citroen.com\/forum\/<\/a><\/p>\n<p><a href=\"http:\/\/www.planete-citroen.com\/forum\/ \" target=\"_blank\" rel=\"noopener\">http:\/\/www.passion-citroen.com<\/a><\/p>\n<p><a href=\"http:\/\/www.editionscitropolis.fr\" target=\"_blank\" rel=\"noopener\">http:\/\/www.editionscitropolis.fr<\/a><\/p>\n<p><a href=\"http:\/\/dabelprod.over-blog.com\" target=\"_blank\" rel=\"noopener\">http:\/\/dabelprod.over-blog.com<\/a><\/p>\n<p><a href=\"http:\/\/pascalvitry.wifeo.com\/sigles-citroen.php\" target=\"_blank\" rel=\"noopener\">http:\/\/pascalvitry.wifeo.com\/sigles-citroen.php<\/a><\/p>\n<p><a href=\"http:\/\/www.citronpaper.it\" target=\"_blank\" rel=\"noopener\">http:\/\/www.citronpaper.it<\/a><\/p>\n<p><a href=\"http:\/\/www.classic-garage.net\" target=\"_blank\" rel=\"noopener\">http:\/\/www.classic-garage.net<\/a><\/p>\n<p><a href=\"http:\/\/www.auto-collection.org\" target=\"_blank\" rel=\"noopener\">http:\/\/www.auto-collection.org<\/a><\/p>\n<p><a href=\"http:\/\/www.citroenet.org.uk\" target=\"_blank\" rel=\"noopener\">http:\/\/www.citroenet.org.uk<\/a><\/p>\n<p><a href=\"http:\/\/www.quaidejavel.com\" target=\"_blank\" rel=\"noopener\">http:\/\/www.quaidejavel.com<\/a><\/p>\n<p><a href=\"http:\/\/www.anciennesdefrance.com\" target=\"_blank\" rel=\"noopener\">http:\/\/www.anciennesdefrance.com<\/a><\/p>\n<p><a href=\"http:\/\/www.cats-citroen.net\" target=\"_blank\" rel=\"noopener\">http:\/\/www.cats-citroen.net<\/a><\/p>\n<p><a href=\"http:\/\/chevronsnet.pagesperso-orange.fr\" target=\"_blank\" rel=\"noopener\">http:\/\/chevronsnet.pagesperso-orange.fr<\/a><\/p>\n<p><a href=\"http:\/\/www.citroen-ca.com\" target=\"_blank\" rel=\"noopener\">http:\/\/www.citroen-ca.com<\/a><\/p>\n<p><a href=\"http:\/\/www.flaminiobertoni.it\" target=\"_blank\" rel=\"noopener\">http:\/\/www.flaminiobertoni.it<\/a><\/p>\n<p><a href=\"http:\/\/www.retroviseur.fr\" target=\"_blank\" rel=\"noopener\">http:\/\/www.retroviseur.fr<\/a><\/p>\n<p><a href=\"http:\/\/www.citroenmn.com\" target=\"_blank\" rel=\"noopener\">http:\/\/www.citroenmn.com<\/a><\/p>\n<p><a href=\"http:\/\/www.citroen-sammlung-peters.de\/indexf.htm\" target=\"_blank\" rel=\"noopener\">http:\/\/www.citroen-sammlung-peters.de\/indexf.htm<\/a><\/p>\n<p><a href=\"http:\/\/pins.miniatures.free.fr\" target=\"_blank\" rel=\"noopener\">http:\/\/pins.miniatures.free.fr<\/a><\/p>\n<p><a href=\"http:\/\/www.croisieres-citroen.com\/Croisieres_Citroen\/Bienvenue.html\" target=\"_blank\" rel=\"noopener\">http:\/\/www.croisieres-citroen.com\/Croisieres_Citroen\/Bienvenue.html<\/a><\/p>\n<p><a href=\"http:\/\/autosfrancaises.free.fr\" target=\"_blank\" rel=\"noopener\">http:\/\/autosfrancaises.free.fr<\/a><\/p>\n<p><a href=\"http:\/\/www.vandepeutte.com\" target=\"_blank\" rel=\"noopener\">http:\/\/www.vandepeutte.com<\/a><\/p>\n<p><a href=\"http:\/\/www.citroen.ac\" target=\"_blank\" rel=\"noopener\">http:\/\/www.citroen.ac<\/a><\/p>\n<p><a href=\"http:\/\/www.brodie.co.uk\/#french\" target=\"_blank\" rel=\"noopener\">http:\/\/www.brodie.co.uk\/#french<\/a><\/p>\n<p><a href=\"http:\/\/www.hyspares.com\" target=\"_blank\" rel=\"noopener\">http:\/\/www.hyspares.com<\/a><\/p>\n","protected":false},"excerpt":{"rendered":"<p>Le gros avantage du Web, c&rsquo;est qu&rsquo;il est sans limites. \u00c9tant passionn\u00e9 par Citro\u00ebn, pour moi tous les sites sont bons \u00e0 visiter. Citro\u00ebn \u00e9tant tr\u00e8s pr\u00e9sent sur le Web, je vous est diss\u00e9qu\u00e9 les liens par type de voitures, &hellip; <a href=\"https:\/\/citrothello.net\/blog\/liens\/\">Continue reading <span class=\"meta-nav\">&rarr;<\/span><\/a><\/p>\n","protected":false},"author":1,"featured_media":0,"parent":0,"menu_order":0,"comment_status":"closed","ping_status":"closed","template":"","meta":[],"_links":{"self":[{"href":"https:\/\/citrothello.net\/blog\/wp-json\/wp\/v2\/pages\/85"}],"collection":[{"href":"https:\/\/citrothello.net\/blog\/wp-json\/wp\/v2\/pages"}],"about":[{"href":"https:\/\/citrothello.net\/blog\/wp-json\/wp\/v2\/types\/page"}],"author":[{"embeddable":true,"href":"https:\/\/citrothello.net\/blog\/wp-json\/wp\/v2\/users\/1"}],"replies":[{"embeddable":true,"href":"https:\/\/citrothello.net\/blog\/wp-json\/wp\/v2\/comments?post=85"}],"version-history":[{"count":32,"href":"https:\/\/citrothello.net\/blog\/wp-json\/wp\/v2\/pages\/85\/revisions"}],"predecessor-version":[{"id":6523,"href":"https:\/\/citrothello.net\/blog\/wp-json\/wp\/v2\/pages\/85\/revisions\/6523"}],"wp:attachment":[{"href":"https:\/\/citrothello.net\/blog\/wp-json\/wp\/v2\/media?parent=85"}],"curies":[{"name":"wp","href":"https:\/\/api.w.org\/{rel}","templated":true}]}}